{"id":16918,"date":"2019-12-21T15:15:48","date_gmt":"2019-12-21T15:15:48","guid":{"rendered":"https:\/\/www.leadingx.com\/kompetenzen\/kooperation-team-verkauf\/teamcoaching\/"},"modified":"2020-06-02T15:14:42","modified_gmt":"2020-06-02T13:14:42","slug":"teamcoaching","status":"publish","type":"page","link":"https:\/\/www.leadingx.com\/en\/competences\/cooperation-team-sales\/teamcoaching\/","title":{"rendered":"TEAM-Coaching"},"content":{"rendered":"<div id=\"pl-16918\"  class=\"panel-layout\" ><div class=\"panel-container full no-spacing \"><div id=\"pg-16918-0\"  class=\"panel-grid panel-has-style\" ><div class=\"full no-spacing panel-row-style panel-row-style-for-16918-0\" ><div id=\"pgc-16918-0-0\"  class=\"panel-grid-cell\" ><div id=\"panel-16918-0-0-0\" class=\"so-panel widget widget_hero panel-first-child panel-last-child\" data-index=\"0\" ><div class=\"so-widget-hero so-widget-hero-default-d75171398898\"><div class=\"hero style-seperated\">\r\n\r\n\t\t\t<div class=\"container content\">\r\n\t\t\t<div class=\"inner\">\r\n\t\t\t\t<div class=\"title\">\r\n\t\t\t\t\t<p class=\"h1\">\r\n\t\t\t\t\t\tTeam-coaching - Total commitment of all team members\t\t\t\t\t<\/p>\r\n\t\t\t\t\t\r\n\t\t\t\t<\/div>\r\n\t\t\t\t<p class=\"txt h3\">\r\n\t\t\t\t\t\t\t\t\t<\/p>\r\n\r\n\t\t\t\t\t\t\t\t\t\t\t\t\t\t<div class=\"button\">\r\n\t\t\t\t\t\t<a href=\"https:\/\/www.leadingx.com\/en\/contact\/\" title=\"enquiry\" class=\"btn style-yellow\" >\r\n\t\t\t\t\t\t\t<span>enquiry<\/span>\r\n\t\t\t\t\t\t<\/a>\r\n\t\t\t\t\t<\/div>\r\n\t\t\t\t\t\t\t<\/div>\r\n\t\t<\/div>\r\n\t\t<div class=\"image\">\r\n\t\t\t\t\t\t\t\t<img decoding=\"async\" src=\"https:\/\/www.leadingx.com\/wp-content\/uploads\/2019\/12\/co-spirit-freigestellt.svg\" \/>\r\n\t\t\t\t\t\t<\/div>\r\n\t\r\n<\/div>\r\n<\/div><\/div><\/div><\/div><\/div><\/div><div class=\"panel-container no-spacing-bottom \"><div id=\"pg-16918-1\"  class=\"panel-grid panel-has-style\" ><div class=\"no-spacing-bottom panel-row-style panel-row-style-for-16918-1\" ><div id=\"pgc-16918-1-0\"  class=\"panel-grid-cell\" ><div id=\"panel-16918-1-0-0\" class=\"so-panel widget widget_headline-with-sub panel-first-child\" data-index=\"1\" ><div class=\"so-widget-headline-with-sub so-widget-headline-with-sub-default-d75171398898\"><div class=\"headline text-left\">\r\n\t<div class=\"title\">\r\n\t\t<h2>\r\n\t\t\tTeam-coaching\t\t<\/h2>\r\n\t<\/div>\r\n\t<div class=\"sub\">\r\n\t\t<p>\r\n\t\t\tTEAM \u2013 Total commitment instead of - great somebody else is doing it.\t\t<\/p>\r\n\t<\/div>\r\n<\/div>\r\n<\/div><\/div><div id=\"panel-16918-1-0-1\" class=\"so-panel widget widget_sow-editor panel-last-child\" data-index=\"2\" ><div class=\"so-widget-sow-editor so-widget-sow-editor-base\">\n<div class=\"siteorigin-widget-tinymce textwidget\">\n\t<h3><\/h3>\n<h3>\"The only thing that will redeem mankind is cooperation.\" (Bertrand Russel)<\/h3>\n<p>&nbsp;<\/p>\n<p>The more<strong> complex and faster the world becomes, the more important cooperation<\/strong> is - the 'co-spirit'. The phenomenon summarised under the term\u00a0 VUCA (volatility, uncertainty, complexity, ambiguity) requires processes and solutions to be more flexible and linked up. Especially when the pressure increases, when there are constant changes, it is important that everyone pulls in the same direction! The use of digital tools, Apps and arrangements isn't enough for that!<\/p>\n<p>&nbsp;<\/p>\n<\/div>\n<\/div><\/div><\/div><\/div><\/div><\/div><div class=\"panel-container \"><div id=\"pg-16918-2\"  class=\"panel-grid panel-no-style\" ><div id=\"pgc-16918-2-0\"  class=\"panel-grid-cell\" ><div id=\"panel-16918-2-0-0\" class=\"so-panel widget widget_sow-editor panel-first-child\" data-index=\"3\" ><div class=\"so-widget-sow-editor so-widget-sow-editor-base\">\n<div class=\"siteorigin-widget-tinymce textwidget\">\n\t<h3><strong>\u00a0Examples and topics for your team-coaching or team-building<\/strong><\/h3>\n<ul>\n<li>Promoting and demanding co-spirit and team-thinking, improving the team-atmosphere<\/li>\n<li>Discovering common tasks, meanings, missions and orientation and bringing them to life<\/li>\n<li>Recognise, coordinate and make use of resources and potentials<\/li>\n<li>Becoming aware and optimising team-culture<\/li>\n<li>Clarify formal and informal organisational-charts, coordinate tasks and roles<\/li>\n<li>Involving those concerned, making aware of challenges and opportunities, achieving inspiration<\/li>\n<li>Setting common goals, expanding team-limits<\/li>\n<li>Developing alternative solutions, making decisions and configurating\u00a0 implementation<\/li>\n<li>Starting implementation, ensuring consequent 'staying with it'<\/li>\n<li>Introducing added value and effective feedback-culture<\/li>\n<li>Experience productive dealing with conflicts and transform them into practice<\/li>\n<\/ul>\n<p>&nbsp;<\/p>\n<\/div>\n<\/div><\/div><div id=\"panel-16918-2-0-1\" class=\"so-panel widget widget_button panel-last-child\" data-index=\"4\" ><div class=\"so-widget-button so-widget-button-default-d75171398898\"><div class=\"button text-left\">\r\n\t<a href=\"https:\/\/www.leadingx.com\/kontakt\/\" title=\"Jetzt informieren und Termine abstimmen\" target=\"_self\" class=\"btn style-default\">\r\n\t\t<span> Find out more\/make an appointment<\/span>\r\n\t<\/a>\r\n<\/div><\/div><\/div><\/div><\/div><\/div><div class=\"panel-container \"><div id=\"pg-16918-3\"  class=\"panel-grid panel-no-style\" ><div id=\"pgc-16918-3-0\"  class=\"panel-grid-cell panel-grid-cell-mobile-last\" ><div id=\"panel-16918-3-0-0\" class=\"so-panel widget widget_media_image panel-first-child panel-last-child\" data-index=\"5\" ><img loading=\"lazy\" decoding=\"async\" width=\"1024\" height=\"494\" src=\"https:\/\/www.leadingx.com\/wp-content\/uploads\/2016\/12\/IAK-Institut-f\u00fcr-Angewandte-Kreativit\u00e4t-Team-Innovation-Transformation-Workshop-Mission-Vision-Ziel-Trainer-Change-F\u00fchrung-iak.at_.-3-e1481931780141-1024x494.jpg\" class=\"image wp-image-8798  attachment-large size-large\" alt=\"iak-institut-fuer-angewandte-kreativitaet-team-innovation-transformation-workshop-mission-vision-ziel-trainer-change-fuehrung-iak-at-3\" style=\"max-width: 100%; height: auto;\" srcset=\"https:\/\/www.leadingx.com\/wp-content\/uploads\/2016\/12\/IAK-Institut-f\u00fcr-Angewandte-Kreativit\u00e4t-Team-Innovation-Transformation-Workshop-Mission-Vision-Ziel-Trainer-Change-F\u00fchrung-iak.at_.-3-e1481931780141-1024x494.jpg 1024w, https:\/\/www.leadingx.com\/wp-content\/uploads\/2016\/12\/IAK-Institut-f\u00fcr-Angewandte-Kreativit\u00e4t-Team-Innovation-Transformation-Workshop-Mission-Vision-Ziel-Trainer-Change-F\u00fchrung-iak.at_.-3-e1481931780141-300x145.jpg 300w, https:\/\/www.leadingx.com\/wp-content\/uploads\/2016\/12\/IAK-Institut-f\u00fcr-Angewandte-Kreativit\u00e4t-Team-Innovation-Transformation-Workshop-Mission-Vision-Ziel-Trainer-Change-F\u00fchrung-iak.at_.-3-e1481931780141-768x370.jpg 768w, https:\/\/www.leadingx.com\/wp-content\/uploads\/2016\/12\/IAK-Institut-f\u00fcr-Angewandte-Kreativit\u00e4t-Team-Innovation-Transformation-Workshop-Mission-Vision-Ziel-Trainer-Change-F\u00fchrung-iak.at_.-3-e1481931780141-500x241.jpg 500w, https:\/\/www.leadingx.com\/wp-content\/uploads\/2016\/12\/IAK-Institut-f\u00fcr-Angewandte-Kreativit\u00e4t-Team-Innovation-Transformation-Workshop-Mission-Vision-Ziel-Trainer-Change-F\u00fchrung-iak.at_.-3-e1481931780141.jpg 1450w\" sizes=\"auto, (max-width: 1024px) 100vw, 1024px\" \/><\/div><\/div><div id=\"pgc-16918-3-1\"  class=\"panel-grid-cell panel-grid-cell-empty\" ><\/div><\/div><\/div><div class=\"panel-container spacing-small \"><div id=\"pg-16918-4\"  class=\"panel-grid panel-has-style\" ><div class=\"spacing-small panel-row-style panel-row-style-for-16918-4\" ><div id=\"pgc-16918-4-0\"  class=\"panel-grid-cell\" ><div id=\"panel-16918-4-0-0\" class=\"so-panel widget widget_sow-editor panel-first-child panel-last-child\" data-index=\"6\" ><div class=\"so-widget-sow-editor so-widget-sow-editor-base\">\n<div class=\"siteorigin-widget-tinymce textwidget\">\n\t<h3>\u00a0Your gain from team-coaching or team-building<\/h3>\n<ul>\n<li><strong>Cooperation, synergy and seam-interfaces instead of departmentalised-thinking and cut-interfaces<\/strong>: common cross-departmental performance, benefiting the customer and the company.<strong><br \/>\n<\/strong><\/li>\n<li><strong>Talking to one-another instead of talking bad about each-other<\/strong>: appreciated feedback, dialog, the result is clarity and innovation<\/li>\n<li><strong>Energetic-actions instead of conflicts<\/strong>: The deliberate cooperation- and relations-management promotes performance- and learning-ability, within the team<\/li>\n<li><strong>Motivation and a pleasant work-atmosphere instead of 'duty by the book' and lone fighters:\u00a0<\/strong>You experience what is necessary, so everyone is\u00a0 motivated and participates with their talents and contributions<\/li>\n<li><strong>Efficiency instead of time- and energy-wasting: <\/strong>You're saving time and energy with daily cooperation, because your relations are shaped with openness, clarity and trust.<\/li>\n<li><strong>Self-control:\u00a0<\/strong>Teams adjust flexibly and agile to changing challenges, and realise goals<\/li>\n<\/ul>\n<\/div>\n<\/div><\/div><\/div><\/div><\/div><\/div><div class=\"panel-container \"><div id=\"pg-16918-5\"  class=\"panel-grid panel-no-style\" ><div id=\"pgc-16918-5-0\"  class=\"panel-grid-cell\" ><div id=\"panel-16918-5-0-0\" class=\"so-panel widget widget_media_image panel-first-child panel-last-child\" data-index=\"7\" ><img loading=\"lazy\" decoding=\"async\" width=\"1024\" height=\"683\" src=\"https:\/\/www.leadingx.com\/wp-content\/uploads\/2016\/12\/Besprechnung-Team-Teamentwicklung-Teambuilding-IAK-Institut-f\u00fcr-Angewandte-Kreativit\u00e4t-1024x683.jpg\" class=\"image wp-image-8427  attachment-large size-large\" alt=\"besprechnung-team-teamentwicklung-teambuilding-iak-institut-fuer-angewandte-kreativitaet\" style=\"max-width: 100%; height: auto;\" srcset=\"https:\/\/www.leadingx.com\/wp-content\/uploads\/2016\/12\/Besprechnung-Team-Teamentwicklung-Teambuilding-IAK-Institut-f\u00fcr-Angewandte-Kreativit\u00e4t-1024x683.jpg 1024w, https:\/\/www.leadingx.com\/wp-content\/uploads\/2016\/12\/Besprechnung-Team-Teamentwicklung-Teambuilding-IAK-Institut-f\u00fcr-Angewandte-Kreativit\u00e4t-300x200.jpg 300w, https:\/\/www.leadingx.com\/wp-content\/uploads\/2016\/12\/Besprechnung-Team-Teamentwicklung-Teambuilding-IAK-Institut-f\u00fcr-Angewandte-Kreativit\u00e4t-768x512.jpg 768w, https:\/\/www.leadingx.com\/wp-content\/uploads\/2016\/12\/Besprechnung-Team-Teamentwicklung-Teambuilding-IAK-Institut-f\u00fcr-Angewandte-Kreativit\u00e4t-500x333.jpg 500w, https:\/\/www.leadingx.com\/wp-content\/uploads\/2016\/12\/Besprechnung-Team-Teamentwicklung-Teambuilding-IAK-Institut-f\u00fcr-Angewandte-Kreativit\u00e4t.jpg 1417w\" sizes=\"auto, (max-width: 1024px) 100vw, 1024px\" \/><\/div><\/div><div id=\"pgc-16918-5-1\"  class=\"panel-grid-cell\" ><div id=\"panel-16918-5-1-0\" class=\"so-panel widget widget_sow-editor panel-first-child panel-last-child\" data-index=\"8\" ><div class=\"so-widget-sow-editor so-widget-sow-editor-base\">\n<div class=\"siteorigin-widget-tinymce textwidget\">\n\t<h3>With X-igital accompanying and inspiring your team<\/h3>\n<p>X-digital uses and combines technologies with your team-coaching, to initiate cooperation- and attitude-based (self)-learning and innovation-processes<\/p>\n<p><strong>Result: <\/strong>comprehensive information-transparency, real-time feedback and successful communication.<\/p>\n<p><a href=\"https:\/\/www.leadingx.com\/en\/services\/xdigital\/\"><strong>\u00a0More details to X-igital<\/strong><\/a><\/p>\n<\/div>\n<\/div><\/div><\/div><\/div><\/div><div class=\"panel-container spacing \"><div id=\"pg-16918-6\"  class=\"panel-grid panel-has-style\" ><div class=\"spacing panel-row-style panel-row-style-for-16918-6\" ><div id=\"pgc-16918-6-0\"  class=\"panel-grid-cell\" ><div id=\"panel-16918-6-0-0\" class=\"so-panel widget widget_sow-editor panel-first-child panel-last-child\" data-index=\"9\" ><div class=\"so-widget-sow-editor so-widget-sow-editor-base\">\n<div class=\"siteorigin-widget-tinymce textwidget\">\n\t<p style=\"margin: 0in; margin-bottom: .0001pt; text-align: right; background: white;\" align=\"right\"><strong><span style=\"font-family: Arial; color: #212529;\">Are you running a company?<\/span><span style=\"font-family: Arial; color: #212529;\"><br \/>\n<span style=\"font-family: Arial;\">Are you leading a team?<\/span><br \/>\n<span style=\"font-family: Arial;\">Do you manage employees?<\/span><br \/>\n<span style=\"font-family: Arial;\">Do you have communications with customers?<\/span><br \/>\n<span style=\"font-family: Arial;\">Do you run projects?<\/span><br \/>\n<span style=\"font-family: Arial;\">Do you live your life with awareness?<\/span><br \/>\n<span style=\"font-family: Arial;\">Have a conversation with us!<\/span><br \/>\n<span style=\"font-family: Arial;\">... or secure your place in this seminar<\/span><br \/>\n<span style=\"font-family: Arial;\">and benefit from LeadingX &gt; Xperience creates Xcellence\u00a0 (experience creates excellence)<\/span><\/span><\/strong><\/p>\n<p style=\"text-align: right;\">\n<\/div>\n<\/div><\/div><\/div><div id=\"pgc-16918-6-1\"  class=\"panel-grid-cell\" ><div id=\"panel-16918-6-1-0\" class=\"so-panel widget widget_sow-editor panel-first-child\" data-index=\"10\" ><div class=\"so-widget-sow-editor so-widget-sow-editor-base\">\n<div class=\"siteorigin-widget-tinymce textwidget\">\n\t<p style=\"margin: 0in; margin-bottom: .0001pt; background: white;\"><span style=\"font-family: Arial; color: #212529;\">Or contact us and we'll discuss your individual in-house seminar, coaching or training-program with us, at the <\/span><strong><a href=\"https:\/\/www.leadingx.com\/en\/services\/xacademy\/\" target=\"_blank\" rel=\"noopener\">Xacademy<\/a><\/strong>.<\/p>\n<\/div>\n<\/div><\/div><div id=\"panel-16918-6-1-1\" class=\"so-panel widget widget_button panel-last-child\" data-index=\"11\" ><div class=\"so-widget-button so-widget-button-default-d75171398898\"><div class=\"button text-left\">\r\n\t<a href=\"https:\/\/www.leadingx.com\/en\/contact\/\" title=\"Xacademy \/ Enquiry\" target=\"_self\" class=\"btn style-default\">\r\n\t\t<span>Xacademy \/ Enquiry<\/span>\r\n\t<\/a>\r\n<\/div><\/div><\/div><\/div><\/div><\/div><\/div><\/div>","protected":false},"excerpt":{"rendered":"<p>&#8220;The only thing that will redeem mankind is cooperation.&#8221; (Bertrand Russel) &nbsp; The more complex and faster the world becomes, the more important cooperation is &#8211; the &#8216;co-spirit&#8217;. The phenomenon summarised under the term\u00a0 VUCA (volatility, uncertainty, complexity, ambiguity) requires processes and solutions to be more flexible and linked up. Especially when the pressure increases, [&hellip;]<\/p>\n","protected":false},"author":4,"featured_media":0,"parent":16912,"menu_order":0,"comment_status":"closed","ping_status":"closed","template":"","meta":{"footnotes":""},"class_list":["post-16918","page","type-page","status-publish","hentry"],"yoast_head":"<!-- This site is optimized with the Yoast SEO plugin v16.2 - https:\/\/yoast.com\/wordpress\/plugins\/seo\/ -->\n<title>TEAMcoaching \u2013 Total commitment of all team members<\/title>\n<meta name=\"description\" content=\"The more complex and faster the world becomes, the more important cooperation is - the &#039;co-spirit&#039;. Especially when the pressure increases, when there are ...\" \/>\n<meta name=\"robots\" content=\"index, follow, max-snippet:-1, max-image-preview:large, max-video-preview:-1\" \/>\n<link rel=\"canonical\" href=\"https:\/\/www.leadingx.com\/en\/competences\/cooperation-team-sales\/teamcoaching\/\" \/>\n<meta property=\"og:locale\" content=\"en_US\" \/>\n<meta property=\"og:type\" content=\"article\" \/>\n<meta property=\"og:title\" content=\"TEAMcoaching \u2013 Total commitment of all team members\" \/>\n<meta property=\"og:description\" content=\"The more complex and faster the world becomes, the more important cooperation is - the &#039;co-spirit&#039;. Especially when the pressure increases, when there are ...\" \/>\n<meta property=\"og:url\" content=\"https:\/\/www.leadingx.com\/en\/competences\/cooperation-team-sales\/teamcoaching\/\" \/>\n<meta property=\"og:site_name\" content=\"LeadingX\" \/>\n<meta property=\"article:publisher\" content=\"https:\/\/www.facebook.com\/LeadingX.Xperience.creates.Xcellence\/\" \/>\n<meta property=\"article:modified_time\" content=\"2020-06-02T13:14:42+00:00\" \/>\n<meta property=\"og:image\" content=\"https:\/\/www.leadingx.com\/wp-content\/uploads\/2019\/12\/LeadingX-logo.png\" \/>\n\t<meta property=\"og:image:width\" content=\"1303\" \/>\n\t<meta property=\"og:image:height\" content=\"658\" \/>\n<meta name=\"twitter:card\" content=\"summary_large_image\" \/>\n<meta name=\"twitter:label1\" content=\"Est. reading time\">\n\t<meta name=\"twitter:data1\" content=\"2 minutes\">\n<script type=\"application\/ld+json\" class=\"yoast-schema-graph\">{\"@context\":\"https:\/\/schema.org\",\"@graph\":[{\"@type\":\"Organization\",\"@id\":\"https:\/\/www.leadingx.com\/#organization\",\"name\":\"LeadingX\",\"url\":\"https:\/\/www.leadingx.com\/\",\"sameAs\":[\"https:\/\/www.facebook.com\/LeadingX.Xperience.creates.Xcellence\/\",\"https:\/\/www.linkedin.com\/in\/markusgruberleadingx\/\",\"https:\/\/www.youtube.com\/channel\/UCotB7KtvXuT665gWvdDJi5Q\"],\"logo\":{\"@type\":\"ImageObject\",\"@id\":\"https:\/\/www.leadingx.com\/#logo\",\"inLanguage\":\"en-US\",\"url\":\"https:\/\/www.leadingx.com\/wp-content\/uploads\/2019\/12\/LeadingX-logo.png\",\"contentUrl\":\"https:\/\/www.leadingx.com\/wp-content\/uploads\/2019\/12\/LeadingX-logo.png\",\"width\":1303,\"height\":658,\"caption\":\"LeadingX\"},\"image\":{\"@id\":\"https:\/\/www.leadingx.com\/#logo\"}},{\"@type\":\"WebSite\",\"@id\":\"https:\/\/www.leadingx.com\/#website\",\"url\":\"https:\/\/www.leadingx.com\/\",\"name\":\"LeadingX\",\"description\":\"Xperience creates Xcellence\",\"publisher\":{\"@id\":\"https:\/\/www.leadingx.com\/#organization\"},\"potentialAction\":[{\"@type\":\"SearchAction\",\"target\":\"https:\/\/www.leadingx.com\/?s={search_term_string}\",\"query-input\":\"required name=search_term_string\"}],\"inLanguage\":\"en-US\"},{\"@type\":\"WebPage\",\"@id\":\"https:\/\/www.leadingx.com\/en\/competences\/cooperation-team-sales\/teamcoaching\/#webpage\",\"url\":\"https:\/\/www.leadingx.com\/en\/competences\/cooperation-team-sales\/teamcoaching\/\",\"name\":\"TEAMcoaching \\u2013 Total commitment of all team members\",\"isPartOf\":{\"@id\":\"https:\/\/www.leadingx.com\/#website\"},\"datePublished\":\"2019-12-21T15:15:48+00:00\",\"dateModified\":\"2020-06-02T13:14:42+00:00\",\"description\":\"The more complex and faster the world becomes, the more important cooperation is - the 'co-spirit'. Especially when the pressure increases, when there are ...\",\"breadcrumb\":{\"@id\":\"https:\/\/www.leadingx.com\/en\/competences\/cooperation-team-sales\/teamcoaching\/#breadcrumb\"},\"inLanguage\":\"en-US\",\"potentialAction\":[{\"@type\":\"ReadAction\",\"target\":[\"https:\/\/www.leadingx.com\/en\/competences\/cooperation-team-sales\/teamcoaching\/\"]}]},{\"@type\":\"BreadcrumbList\",\"@id\":\"https:\/\/www.leadingx.com\/en\/competences\/cooperation-team-sales\/teamcoaching\/#breadcrumb\",\"itemListElement\":[{\"@type\":\"ListItem\",\"position\":1,\"item\":{\"@type\":\"WebPage\",\"@id\":\"https:\/\/www.leadingx.com\/en\/\",\"url\":\"https:\/\/www.leadingx.com\/en\/\",\"name\":\"Startseite\"}},{\"@type\":\"ListItem\",\"position\":2,\"item\":{\"@type\":\"WebPage\",\"@id\":\"https:\/\/www.leadingx.com\/en\/competences\/\",\"url\":\"https:\/\/www.leadingx.com\/en\/competences\/\",\"name\":\"Comptences-Overview\"}},{\"@type\":\"ListItem\",\"position\":3,\"item\":{\"@type\":\"WebPage\",\"@id\":\"https:\/\/www.leadingx.com\/en\/competences\/cooperation-team-sales\/\",\"url\":\"https:\/\/www.leadingx.com\/en\/competences\/cooperation-team-sales\/\",\"name\":\"Cooperation, Team &#038; Sales\"}},{\"@type\":\"ListItem\",\"position\":4,\"item\":{\"@id\":\"https:\/\/www.leadingx.com\/en\/competences\/cooperation-team-sales\/teamcoaching\/#webpage\"}}]}]}<\/script>\n<!-- \/ Yoast SEO plugin. -->","_links":{"self":[{"href":"https:\/\/www.leadingx.com\/en\/wp-json\/wp\/v2\/pages\/16918","targetHints":{"allow":["GET"]}}],"collection":[{"href":"https:\/\/www.leadingx.com\/en\/wp-json\/wp\/v2\/pages"}],"about":[{"href":"https:\/\/www.leadingx.com\/en\/wp-json\/wp\/v2\/types\/page"}],"author":[{"embeddable":true,"href":"https:\/\/www.leadingx.com\/en\/wp-json\/wp\/v2\/users\/4"}],"replies":[{"embeddable":true,"href":"https:\/\/www.leadingx.com\/en\/wp-json\/wp\/v2\/comments?post=16918"}],"version-history":[{"count":11,"href":"https:\/\/www.leadingx.com\/en\/wp-json\/wp\/v2\/pages\/16918\/revisions"}],"predecessor-version":[{"id":19755,"href":"https:\/\/www.leadingx.com\/en\/wp-json\/wp\/v2\/pages\/16918\/revisions\/19755"}],"up":[{"embeddable":true,"href":"https:\/\/www.leadingx.com\/en\/wp-json\/wp\/v2\/pages\/16912"}],"wp:attachment":[{"href":"https:\/\/www.leadingx.com\/en\/wp-json\/wp\/v2\/media?parent=16918"}],"curies":[{"name":"wp","href":"https:\/\/api.w.org\/{rel}","templated":true}]}}