{"id":16959,"date":"2019-12-21T14:28:51","date_gmt":"2019-12-21T14:28:51","guid":{"rendered":"https:\/\/www.leadingx.com\/kompetenzen\/leadership-persoenlichkeit\/x10-passion-for-selling-service\/"},"modified":"2020-06-05T11:03:24","modified_gmt":"2020-06-05T09:03:24","slug":"x10-passion-for-selling-service","status":"publish","type":"page","link":"https:\/\/www.leadingx.com\/en\/competences\/leadership-personality\/x10-passion-for-selling-service\/","title":{"rendered":"X10 Passion for Selling &#038; Service"},"content":{"rendered":"<div id=\"pl-16959\"  class=\"panel-layout\" ><div class=\"panel-container full no-spacing \"><div id=\"pg-16959-0\"  class=\"panel-grid panel-has-style\" ><div class=\"full no-spacing panel-row-style panel-row-style-for-16959-0\" ><div id=\"pgc-16959-0-0\"  class=\"panel-grid-cell\" ><div id=\"panel-16959-0-0-0\" class=\"so-panel widget widget_hero panel-first-child panel-last-child\" data-index=\"0\" ><div class=\"so-widget-hero so-widget-hero-default-d75171398898\"><div class=\"hero style-seperated\">\r\n\r\n\t\t\t<div class=\"container content\">\r\n\t\t\t<div class=\"inner\">\r\n\t\t\t\t<div class=\"title\">\r\n\t\t\t\t\t<h1 class=\"h1\">\r\n\t\t\t\t\t\tSeminar LeadingX10 - Passion for Selling &amp; Service\t\t\t\t\t<\/h1>\r\n\t\t\t\t\t\r\n\t\t\t\t<\/div>\r\n\t\t\t\t<p class=\"txt h3\">\r\n\t\t\t\t\tActive and authentic sales with the right attitude, and thrilling customers with joyful service. \t\t\t\t<\/p>\r\n\r\n\t\t\t\t\t\t\t\t\t\t\t\t\t\t<div class=\"button\">\r\n\t\t\t\t\t\t<a href=\"https:\/\/www.leadingx.com\/termine\/\" title=\"To reserve a seminar place \" class=\"btn style-yellow\" >\r\n\t\t\t\t\t\t\t<span> To reserve a seminar place<\/span>\r\n\t\t\t\t\t\t<\/a>\r\n\t\t\t\t\t<\/div>\r\n\t\t\t\t\t\t\t<\/div>\r\n\t\t<\/div>\r\n\t\t<div class=\"image\">\r\n\t\t\t\t\t\t\t\t<img decoding=\"async\" src=\"https:\/\/www.leadingx.com\/wp-content\/uploads\/2019\/12\/x-10-plus-freigestellt.svg\" \/>\r\n\t\t\t\t\t\t<\/div>\r\n\t\r\n<\/div>\r\n<\/div><\/div><\/div><\/div><\/div><\/div><div class=\"panel-container no-spacing-bottom \"><div id=\"pg-16959-1\"  class=\"panel-grid panel-has-style\" ><div class=\"no-spacing-bottom panel-row-style panel-row-style-for-16959-1\" ><div id=\"pgc-16959-1-0\"  class=\"panel-grid-cell\" ><div id=\"panel-16959-1-0-0\" class=\"so-panel widget widget_headline-with-sub panel-first-child\" data-index=\"1\" ><div class=\"so-widget-headline-with-sub so-widget-headline-with-sub-default-d75171398898\"><div class=\"headline text-left\">\r\n\t<div class=\"title\">\r\n\t\t<h2>\r\n\t\t\tSeminar LeadingX10 passion for selling and service\t\t<\/h2>\r\n\t<\/div>\r\n\t<div class=\"sub\">\r\n\t\t<p>\r\n\t\t\t Active and authentic sales, with the right attitude and thrilling customers with joyful service \t\t<\/p>\r\n\t<\/div>\r\n<\/div>\r\n<\/div><\/div><div id=\"panel-16959-1-0-1\" class=\"so-panel widget widget_sow-editor\" data-index=\"2\" ><div class=\"so-widget-sow-editor so-widget-sow-editor-base\">\n<div class=\"siteorigin-widget-tinymce textwidget\">\n\t<p>Sales people have to deal with<strong> complex customer requirements, tough crowding-out competition, ruinous price war<\/strong> combined with daily turnover and performance requirements. Competition is becoming more intense - the products are more similar and interchangeable.<strong> Customers and guests are becoming increasingly demanding,\u00a0<\/strong> - orders placed today should be delivered yesterday,- and have various sellers to choose from. Regards from the online trade. <strong>Complexity, pressure, conflicts, resistance and stress are constantly increasing. <\/strong>If you come into <strong>contact with 'lovely' customers every day<\/strong>, it can drain your motivation and attitude. The energy drops, the motivation crumbles and slowly you slip into doing 'service by the book'. The result is a mess of mediocrity! This is no longer enough for customer-enthusiasm and customer-loyalty. In addition, you drag each other down with justifications and blame, thus wasting time, destroying joy and energy. Welcome to the 'club of victims.'\u00a0 On the other hand, there are currently more opportunities for sales people and employees in service- and sales-organisations, than ever before. The question is whether we can identify these <strong>opportunities with the right attitude ... and realise them with personal innovations.<\/strong> It is not primarily about new sales methods, product presentation, marketing concepts or discounts. It is much more about a<strong> new awareness and the right attitude to inspire customers you're in personal contact with,and to sell and build sustainable customer partnerships. Because you can only ignite a light, if you have a spark within yourself. <\/strong><strong>The POD\u2013 the point of difference \u2013 is the sales-person and the service provided for the customer. Only people with the right attitude can create those \"Magic Moments\" when dealing with customers. They're the difference, that can't be copied, between you and your competitors and your (maybe only?) chance!<\/strong><\/p>\n<p>&nbsp;<\/p>\n<\/div>\n<\/div><\/div><div id=\"panel-16959-1-0-2\" class=\"so-panel widget widget_sow-editor panel-last-child\" data-index=\"3\" ><div class=\"so-widget-sow-editor so-widget-sow-editor-base\">\n<div class=\"siteorigin-widget-tinymce textwidget\">\n\t<h2>Contents of the Seminar LeadingX10 Passion for Selling and Service<\/h2>\n<p>X10 means: recognising market-situations, problems and challenges as<strong> opportunities and realising them with supreme ease. For that confident leading and selling is needed. But if you want to sell and manage customers or guests, you first have to be able to manage yourself!<\/strong><\/p>\n<p>The LeadingX10 Xperience is focused<strong> on sales-people and service competences, with emphasis on personality, awareness and attitude. <\/strong>For that, we connect and transform timeless ancient wisdom, with the current findings of neuro- and social-sciences.<\/p>\n<p>You realise concrete findings of sales and leadership with the right attitude. The focus for that is on<strong> inspiration, motivation, self-responsibility, mindfulness, energy, conflict-solving and innovative acting and leading.<\/strong><\/p>\n<\/div>\n<\/div><\/div><\/div><\/div><\/div><\/div><div class=\"panel-container \"><div id=\"pg-16959-2\"  class=\"panel-grid panel-no-style\" ><div id=\"pgc-16959-2-0\"  class=\"panel-grid-cell panel-grid-cell-mobile-last\" ><div id=\"panel-16959-2-0-0\" class=\"so-panel widget widget_media_image panel-first-child panel-last-child\" data-index=\"4\" ><img loading=\"lazy\" decoding=\"async\" width=\"500\" height=\"500\" src=\"https:\/\/www.leadingx.com\/wp-content\/uploads\/2016\/12\/10-Kugeln-Energie-Bewegung-e1481620331529-500x500.jpg\" class=\"image wp-image-8473  attachment-400x400 size-400x400\" alt=\"10-kugeln-energie-bewegung, X10, Seminar Xperience Xcellence, Seminar, F\u00fchrungspers\u00f6nlichkeit, Verk\u00e4uferpers\u00f6nlichkeit, Pers\u00f6nlichkeit, Pers\u00f6nlichkeitsentwicklung, Leadership\" style=\"max-width: 100%; height: auto;\" srcset=\"https:\/\/www.leadingx.com\/wp-content\/uploads\/2016\/12\/10-Kugeln-Energie-Bewegung-e1481620331529-500x500.jpg 500w, https:\/\/www.leadingx.com\/wp-content\/uploads\/2016\/12\/10-Kugeln-Energie-Bewegung-e1481620331529-300x300.jpg 300w, https:\/\/www.leadingx.com\/wp-content\/uploads\/2016\/12\/10-Kugeln-Energie-Bewegung-e1481620331529-150x150.jpg 150w, https:\/\/www.leadingx.com\/wp-content\/uploads\/2016\/12\/10-Kugeln-Energie-Bewegung-e1481620331529-370x370.jpg 370w, https:\/\/www.leadingx.com\/wp-content\/uploads\/2016\/12\/10-Kugeln-Energie-Bewegung-e1481620331529-200x200.jpg 200w, https:\/\/www.leadingx.com\/wp-content\/uploads\/2016\/12\/10-Kugeln-Energie-Bewegung-e1481620331529.jpg 599w\" sizes=\"auto, (max-width: 400px) 100vw, 400px\" \/><\/div><\/div><div id=\"pgc-16959-2-1\"  class=\"panel-grid-cell panel-grid-cell-empty\" ><\/div><\/div><\/div><div class=\"panel-container \"><div id=\"pg-16959-3\"  class=\"panel-grid panel-no-style\" ><div id=\"pgc-16959-3-0\"  class=\"panel-grid-cell\" ><div id=\"panel-16959-3-0-0\" class=\"so-panel widget widget_sow-editor panel-first-child\" data-index=\"5\" ><div class=\"so-widget-sow-editor so-widget-sow-editor-base\">\n<div class=\"siteorigin-widget-tinymce textwidget\">\n\t<h2>Your benefit from X10: Xperience - Xcellence - Xecution<\/h2>\n<\/div>\n<\/div><\/div><div id=\"panel-16959-3-0-1\" class=\"so-panel widget widget_sow-editor\" data-index=\"6\" ><div class=\"so-widget-sow-editor so-widget-sow-editor-base\">\n<div class=\"siteorigin-widget-tinymce textwidget\">\n\t<h3>Xperience (experience)<\/h3>\n<p>You <strong>experience sales-as well as self- and customer-management, on the level of awareness and attitude.<\/strong> We touch on mind, heart and hand and combine learning, experiencing and acting. Thereby you<strong> sustainably realise and anchor findings and will be able to make use of them for life. Every day! Professionally and personally.<\/strong><\/p>\n<\/div>\n<\/div><\/div><div id=\"panel-16959-3-0-2\" class=\"so-panel widget widget_sow-editor\" data-index=\"7\" ><div class=\"so-widget-sow-editor so-widget-sow-editor-base\">\n<div class=\"siteorigin-widget-tinymce textwidget\">\n\t<h3>Xcellence (excellence)<\/h3>\n<p>...is the highest quality, to sell and act from your inner core.<\/p>\n<p>Xcellence is <strong>active selling and leading with supreme ease and at the same time with inner calm and balance.<\/strong>\u2026<\/p>\n<p>Xcellence stands for sales, service and living as<strong> engaged and performance-oriented co-entrepreneurs,<\/strong> who contribute substantially to the company's success, through creative and initiative selling and acting.<\/p>\n<p>...and at the same time sustainably <strong>\u00a0bring in their full potential with supreme ease and inner balance.<\/strong><\/p>\n<\/div>\n<\/div><\/div><div id=\"panel-16959-3-0-3\" class=\"so-panel widget widget_sow-editor\" data-index=\"8\" ><div class=\"so-widget-sow-editor so-widget-sow-editor-base\">\n<div class=\"siteorigin-widget-tinymce textwidget\">\n\t<h3>Xecution (execution)<\/h3>\n<p>Understanding is only secondary! Turnover stems from turning over! Recognition and transformation are initiated and implemented, because:<strong> Realisation... and realising is the main-trophy!\u00a0<\/strong><\/p>\n<p>&nbsp;<\/p>\n<\/div>\n<\/div><\/div><div id=\"panel-16959-3-0-4\" class=\"so-panel widget widget_button panel-last-child\" data-index=\"9\" ><div class=\"so-widget-button so-widget-button-default-d75171398898\"><div class=\"button text-left\">\r\n\t<a href=\"https:\/\/www.leadingx.com\/termine\/\" title=\"More\" target=\"_self\" class=\"btn style-default\">\r\n\t\t<span>To book<\/span>\r\n\t<\/a>\r\n<\/div><\/div><\/div><\/div><\/div><\/div><div class=\"panel-container \"><div id=\"pg-16959-4\"  class=\"panel-grid panel-no-style\" ><div id=\"pgc-16959-4-0\"  class=\"panel-grid-cell\" ><div id=\"panel-16959-4-0-0\" class=\"so-panel widget widget_media_image panel-first-child panel-last-child\" data-index=\"10\" ><img loading=\"lazy\" decoding=\"async\" width=\"424\" height=\"424\" src=\"https:\/\/www.leadingx.com\/wp-content\/uploads\/2016\/12\/Chancen-realisieren-M\u00f6glichkeiten-Grenzen-erweitern-Mission-possible-IAK-Institut-f\u00fcr-Angwewandte-Kreativit\u00e4t-e1481621750225.jpg\" class=\"image wp-image-8442  attachment-full size-full\" alt=\"Chance, Grenzen \u00fcberschreiten, Change, Verkauf, Verk\u00e4ufer, Seminar, V-Navi, F\u00fchrungspers\u00f6nlichkeit, X10 Xperience, Xcellence, F\u00fchrung, IAKademie, Leadership, F\u00fchrung, Ausbildung, Seminar, Workshop\" style=\"max-width: 100%; height: auto;\" srcset=\"https:\/\/www.leadingx.com\/wp-content\/uploads\/2016\/12\/Chancen-realisieren-M\u00f6glichkeiten-Grenzen-erweitern-Mission-possible-IAK-Institut-f\u00fcr-Angwewandte-Kreativit\u00e4t-e1481621750225.jpg 424w, https:\/\/www.leadingx.com\/wp-content\/uploads\/2016\/12\/Chancen-realisieren-M\u00f6glichkeiten-Grenzen-erweitern-Mission-possible-IAK-Institut-f\u00fcr-Angwewandte-Kreativit\u00e4t-e1481621750225-300x300.jpg 300w, https:\/\/www.leadingx.com\/wp-content\/uploads\/2016\/12\/Chancen-realisieren-M\u00f6glichkeiten-Grenzen-erweitern-Mission-possible-IAK-Institut-f\u00fcr-Angwewandte-Kreativit\u00e4t-e1481621750225-150x150.jpg 150w, https:\/\/www.leadingx.com\/wp-content\/uploads\/2016\/12\/Chancen-realisieren-M\u00f6glichkeiten-Grenzen-erweitern-Mission-possible-IAK-Institut-f\u00fcr-Angwewandte-Kreativit\u00e4t-e1481621750225-370x370.jpg 370w, https:\/\/www.leadingx.com\/wp-content\/uploads\/2016\/12\/Chancen-realisieren-M\u00f6glichkeiten-Grenzen-erweitern-Mission-possible-IAK-Institut-f\u00fcr-Angwewandte-Kreativit\u00e4t-e1481621750225-200x200.jpg 200w\" sizes=\"auto, (max-width: 424px) 100vw, 424px\" \/><\/div><\/div><div id=\"pgc-16959-4-1\"  class=\"panel-grid-cell\" ><div id=\"panel-16959-4-1-0\" class=\"so-panel widget widget_sow-editor panel-first-child panel-last-child\" data-index=\"11\" ><div class=\"so-widget-sow-editor so-widget-sow-editor-base\">\n<div class=\"siteorigin-widget-tinymce textwidget\">\n\t<h3>That's why\u00a0 LeadingX10 Passion for Selling and Service is innovative and lasting<\/h3>\n<p>Most management-seminars aim only to change behaviour. Permanent\u00a0<strong>change in behaviour<\/strong>\u00a0is only possible if you\u00a0<strong>change the underlying attitudes,<\/strong> because it's those that shape behaviour. <strong>Xperience\u00a0<\/strong>and the unique workings of <strong>LeadingX10\u00a0\u00a0<\/strong>make attitudes aware.\u00a0 We make use of\u00a0<strong>current findings of neuro- and social-sciences <\/strong>and combine them with <strong>timeless ancient wisdom and realisations.<\/strong> That makes it possible to train attitude and create a basis for <strong>passion for selling and service with<\/strong>\u00a0<strong>Xcellence<\/strong>.<\/p>\n<p>&nbsp;<\/p>\n<p>&nbsp;<\/p>\n<\/div>\n<\/div><\/div><\/div><\/div><\/div><div class=\"panel-container spacing-bottom \"><div id=\"pg-16959-5\"  class=\"panel-grid panel-has-style\" ><div class=\"spacing-bottom panel-row-style panel-row-style-for-16959-5\" ><div id=\"pgc-16959-5-0\"  class=\"panel-grid-cell\" ><div id=\"panel-16959-5-0-0\" class=\"so-panel widget widget_sow-editor panel-first-child panel-last-child\" data-index=\"12\" ><div class=\"so-widget-sow-editor so-widget-sow-editor-base\">\n<div class=\"siteorigin-widget-tinymce textwidget\">\n\t<p style=\"text-align: right;\"><strong>Are you running a company?<\/strong><br \/>\n<strong>Are you leading a team?<\/strong><br \/>\n<strong>Do you manage employees?<\/strong><br \/>\n<strong>Do you have communications with customers?<\/strong><br \/>\n<strong>Do you run projects?<\/strong><br \/>\n<strong>Do you live your life with awareness?<\/strong><\/p>\n<p style=\"text-align: right;\"><strong>Have a conversation with us!<\/strong><br \/>\n<strong>... or secure your place in this seminar<\/strong><br \/>\n<strong>and benefit from\u00a0 LeadingX &gt; Xperience creates Xcellence (experience creates excellence)<\/strong><\/p>\n<p>&nbsp;<\/p>\n<\/div>\n<\/div><\/div><\/div><div id=\"pgc-16959-5-1\"  class=\"panel-grid-cell\" ><div id=\"panel-16959-5-1-0\" class=\"so-panel widget widget_sow-editor panel-first-child\" data-index=\"13\" ><div class=\"so-widget-sow-editor so-widget-sow-editor-base\">\n<div class=\"siteorigin-widget-tinymce textwidget\">\n\t<p><span style=\"color: #212529;\"><span style=\"font-family: Arial, sans-serif;\">Please check for available dates and make an appointment !<\/span><\/span><\/p>\n<\/div>\n<\/div><\/div><div id=\"panel-16959-5-1-1\" class=\"so-panel widget widget_button\" data-index=\"14\" ><div class=\"so-widget-button so-widget-button-default-d75171398898\"><div class=\"button text-left\">\r\n\t<a href=\"https:\/\/www.leadingx.com\/en\/schedule\/\" title=\"TO MAKE AN APPOINTMENT\" target=\"_self\" class=\"btn style-default\">\r\n\t\t<span>TO MAKE AN APPOINTMENT<\/span>\r\n\t<\/a>\r\n<\/div><\/div><\/div><div id=\"panel-16959-5-1-2\" class=\"so-panel widget widget_sow-editor\" data-index=\"15\" ><div class=\"so-widget-sow-editor so-widget-sow-editor-base\">\n<div class=\"siteorigin-widget-tinymce textwidget\">\n\t<p>Or contact us and we'll discuss your individual in-house seminar, coaching or training-program with us,\u00a0 at the <a href=\"https:\/\/www.leadingx.com\/leistungen-alle\/xacademy\/\" target=\"_blank\" rel=\"noopener\"><strong>Xacademy<\/strong><\/a>.<\/p>\n<\/div>\n<\/div><\/div><div id=\"panel-16959-5-1-3\" class=\"so-panel widget widget_button panel-last-child\" data-index=\"16\" ><div class=\"so-widget-button so-widget-button-default-d75171398898\"><div class=\"button text-left\">\r\n\t<a href=\"https:\/\/www.leadingx.com\/en\/schedule\/\" title=\"XACADEMY \/ ENQUIRY\" target=\"_self\" class=\"btn style-default\">\r\n\t\t<span>XACADEMY \/ ENQUIRY<\/span>\r\n\t<\/a>\r\n<\/div><\/div><\/div><\/div><\/div><\/div><\/div><\/div>","protected":false},"excerpt":{"rendered":"<p>Sales people have to deal with complex customer requirements, tough crowding-out competition, ruinous price war combined with daily turnover and performance requirements. Competition is becoming more intense &#8211; the products are more similar and interchangeable. Customers and guests are becoming increasingly demanding,\u00a0 &#8211; orders placed today should be delivered yesterday,- and have various sellers to [&hellip;]<\/p>\n","protected":false},"author":4,"featured_media":0,"parent":16935,"menu_order":0,"comment_status":"closed","ping_status":"closed","template":"","meta":{"footnotes":""},"class_list":["post-16959","page","type-page","status-publish","hentry"],"yoast_head":"<!-- This site is optimized with the Yoast SEO plugin v16.2 - https:\/\/yoast.com\/wordpress\/plugins\/seo\/ -->\n<title>Seminar X10 Passion for Selling &amp; Service<\/title>\n<meta name=\"description\" content=\"Active and authentic sales with the right attitude, and thrilling customers with joyful service. Now ...\" \/>\n<meta name=\"robots\" content=\"index, follow, max-snippet:-1, max-image-preview:large, max-video-preview:-1\" \/>\n<link rel=\"canonical\" href=\"https:\/\/www.leadingx.com\/en\/competences\/leadership-personality\/x10-passion-for-selling-service\/\" \/>\n<meta property=\"og:locale\" content=\"en_US\" \/>\n<meta property=\"og:type\" content=\"article\" \/>\n<meta property=\"og:title\" content=\"Seminar X10 Passion for Selling &amp; Service\" \/>\n<meta property=\"og:description\" content=\"Active and authentic sales with the right attitude, and thrilling customers with joyful service. Now ...\" \/>\n<meta property=\"og:url\" content=\"https:\/\/www.leadingx.com\/en\/competences\/leadership-personality\/x10-passion-for-selling-service\/\" \/>\n<meta property=\"og:site_name\" content=\"LeadingX\" \/>\n<meta property=\"article:publisher\" content=\"https:\/\/www.facebook.com\/LeadingX.Xperience.creates.Xcellence\/\" \/>\n<meta property=\"article:modified_time\" content=\"2020-06-05T09:03:24+00:00\" \/>\n<meta property=\"og:image\" content=\"https:\/\/www.leadingx.com\/wp-content\/uploads\/2019\/12\/LeadingX-logo.png\" \/>\n\t<meta property=\"og:image:width\" content=\"1303\" \/>\n\t<meta property=\"og:image:height\" content=\"658\" \/>\n<meta name=\"twitter:card\" content=\"summary_large_image\" \/>\n<meta name=\"twitter:label1\" content=\"Est. reading time\">\n\t<meta name=\"twitter:data1\" content=\"4 minutes\">\n<script type=\"application\/ld+json\" class=\"yoast-schema-graph\">{\"@context\":\"https:\/\/schema.org\",\"@graph\":[{\"@type\":\"Organization\",\"@id\":\"https:\/\/www.leadingx.com\/#organization\",\"name\":\"LeadingX\",\"url\":\"https:\/\/www.leadingx.com\/\",\"sameAs\":[\"https:\/\/www.facebook.com\/LeadingX.Xperience.creates.Xcellence\/\",\"https:\/\/www.linkedin.com\/in\/markusgruberleadingx\/\",\"https:\/\/www.youtube.com\/channel\/UCotB7KtvXuT665gWvdDJi5Q\"],\"logo\":{\"@type\":\"ImageObject\",\"@id\":\"https:\/\/www.leadingx.com\/#logo\",\"inLanguage\":\"en-US\",\"url\":\"https:\/\/www.leadingx.com\/wp-content\/uploads\/2019\/12\/LeadingX-logo.png\",\"contentUrl\":\"https:\/\/www.leadingx.com\/wp-content\/uploads\/2019\/12\/LeadingX-logo.png\",\"width\":1303,\"height\":658,\"caption\":\"LeadingX\"},\"image\":{\"@id\":\"https:\/\/www.leadingx.com\/#logo\"}},{\"@type\":\"WebSite\",\"@id\":\"https:\/\/www.leadingx.com\/#website\",\"url\":\"https:\/\/www.leadingx.com\/\",\"name\":\"LeadingX\",\"description\":\"Xperience creates Xcellence\",\"publisher\":{\"@id\":\"https:\/\/www.leadingx.com\/#organization\"},\"potentialAction\":[{\"@type\":\"SearchAction\",\"target\":\"https:\/\/www.leadingx.com\/?s={search_term_string}\",\"query-input\":\"required name=search_term_string\"}],\"inLanguage\":\"en-US\"},{\"@type\":\"WebPage\",\"@id\":\"https:\/\/www.leadingx.com\/en\/competences\/leadership-personality\/x10-passion-for-selling-service\/#webpage\",\"url\":\"https:\/\/www.leadingx.com\/en\/competences\/leadership-personality\/x10-passion-for-selling-service\/\",\"name\":\"Seminar X10 Passion for Selling & Service\",\"isPartOf\":{\"@id\":\"https:\/\/www.leadingx.com\/#website\"},\"datePublished\":\"2019-12-21T14:28:51+00:00\",\"dateModified\":\"2020-06-05T09:03:24+00:00\",\"description\":\"Active and authentic sales with the right attitude, and thrilling customers with joyful service. Now ...\",\"breadcrumb\":{\"@id\":\"https:\/\/www.leadingx.com\/en\/competences\/leadership-personality\/x10-passion-for-selling-service\/#breadcrumb\"},\"inLanguage\":\"en-US\",\"potentialAction\":[{\"@type\":\"ReadAction\",\"target\":[\"https:\/\/www.leadingx.com\/en\/competences\/leadership-personality\/x10-passion-for-selling-service\/\"]}]},{\"@type\":\"BreadcrumbList\",\"@id\":\"https:\/\/www.leadingx.com\/en\/competences\/leadership-personality\/x10-passion-for-selling-service\/#breadcrumb\",\"itemListElement\":[{\"@type\":\"ListItem\",\"position\":1,\"item\":{\"@type\":\"WebPage\",\"@id\":\"https:\/\/www.leadingx.com\/en\/\",\"url\":\"https:\/\/www.leadingx.com\/en\/\",\"name\":\"Startseite\"}},{\"@type\":\"ListItem\",\"position\":2,\"item\":{\"@type\":\"WebPage\",\"@id\":\"https:\/\/www.leadingx.com\/en\/competences\/\",\"url\":\"https:\/\/www.leadingx.com\/en\/competences\/\",\"name\":\"Comptences-Overview\"}},{\"@type\":\"ListItem\",\"position\":3,\"item\":{\"@type\":\"WebPage\",\"@id\":\"https:\/\/www.leadingx.com\/en\/competences\/leadership-personality\/\",\"url\":\"https:\/\/www.leadingx.com\/en\/competences\/leadership-personality\/\",\"name\":\"Leadership &#038; Personality\"}},{\"@type\":\"ListItem\",\"position\":4,\"item\":{\"@id\":\"https:\/\/www.leadingx.com\/en\/competences\/leadership-personality\/x10-passion-for-selling-service\/#webpage\"}}]}]}<\/script>\n<!-- \/ Yoast SEO plugin. -->","_links":{"self":[{"href":"https:\/\/www.leadingx.com\/en\/wp-json\/wp\/v2\/pages\/16959","targetHints":{"allow":["GET"]}}],"collection":[{"href":"https:\/\/www.leadingx.com\/en\/wp-json\/wp\/v2\/pages"}],"about":[{"href":"https:\/\/www.leadingx.com\/en\/wp-json\/wp\/v2\/types\/page"}],"author":[{"embeddable":true,"href":"https:\/\/www.leadingx.com\/en\/wp-json\/wp\/v2\/users\/4"}],"replies":[{"embeddable":true,"href":"https:\/\/www.leadingx.com\/en\/wp-json\/wp\/v2\/comments?post=16959"}],"version-history":[{"count":11,"href":"https:\/\/www.leadingx.com\/en\/wp-json\/wp\/v2\/pages\/16959\/revisions"}],"predecessor-version":[{"id":19887,"href":"https:\/\/www.leadingx.com\/en\/wp-json\/wp\/v2\/pages\/16959\/revisions\/19887"}],"up":[{"embeddable":true,"href":"https:\/\/www.leadingx.com\/en\/wp-json\/wp\/v2\/pages\/16935"}],"wp:attachment":[{"href":"https:\/\/www.leadingx.com\/en\/wp-json\/wp\/v2\/media?parent=16959"}],"curies":[{"name":"wp","href":"https:\/\/api.w.org\/{rel}","templated":true}]}}