{"id":17004,"date":"2019-12-25T16:20:56","date_gmt":"2019-12-25T15:20:56","guid":{"rendered":"https:\/\/www.leadingx.com\/melissa-riedl\/"},"modified":"2025-02-18T10:41:08","modified_gmt":"2025-02-18T09:41:08","slug":"melissa-weil","status":"publish","type":"page","link":"https:\/\/www.leadingx.com\/en\/team-of-x-experts\/melissa-weil\/","title":{"rendered":"Melissa Weil"},"content":{"rendered":"<div id=\"pl-17004\"  class=\"panel-layout\" ><div class=\"panel-container \"><div id=\"pg-17004-0\"  class=\"panel-grid panel-no-style\" ><div id=\"pgc-17004-0-0\"  class=\"panel-grid-cell\" ><div id=\"panel-17004-0-0-0\" class=\"so-panel widget widget_headline-with-sub panel-first-child\" data-index=\"0\" ><div class=\"so-widget-headline-with-sub so-widget-headline-with-sub-default-d75171398898\"><div class=\"headline text-left\">\r\n\t<div class=\"title\">\r\n\t\t<h1>\r\n\t\t\tMelissa Weil\t\t<\/h1>\r\n\t<\/div>\r\n\t<div class=\"sub\">\r\n\t\t<p>\r\n\t\t\tTrainer \u2022 Coach \u2022 Moderator\t\t<\/p>\r\n\t<\/div>\r\n<\/div>\r\n<\/div><\/div><div id=\"panel-17004-0-0-1\" class=\"widget_text so-panel widget widget_custom_html\" data-index=\"1\" ><div class=\"textwidget custom-html-widget\"><ul class=\"socials\">\n\t<li>\n\t\t<a href=\"mailto:melissa.riedl@leadingx.com\"><i class=\"fas fa-envelope\"><\/i>\n\t\t<\/a>\n\t<\/li>\n\t<li>\n\t\t<a target=\"_blank\" href=\"https:\/\/www.facebook.com\/LeadingX.Xperience.creates.Xcellence\"><i class=\"fab fa-facebook-f\"><\/i>\n\t\t<\/a>\n\t<\/li>\n\t<li>\n\t\t<a target=\"_blank\" href=\"https:\/\/www.youtube.com\/channel\/UCotB7KtvXuT665gWvdDJi5Q\"><i class=\"fab fa-youtube\"><\/i>\n\t\t<\/a>\n\t<\/li>\n\t<li>\n\t\t<a target=\"_blank\" href=\"https:\/\/www.linkedin.com\/in\/melissa-riedl-90b886a8\"><i class=\"fab fa-linkedin\"><\/i>\n\t\t<\/a>\n\t<\/li>\n\t<li>\n\t\t<a target=\"_blank\" href=\"https:\/\/www.xing.com\/companies\/leadingx-xperiencecreatesxcellence\"><i class=\"fab fa-dribbble\"><\/i>\n\t\t<\/a>\n\t<\/li>\n<\/ul><\/div><\/div><div id=\"panel-17004-0-0-2\" class=\"so-panel widget widget_sow-editor panel-last-child\" data-index=\"2\" ><div class=\"so-widget-sow-editor so-widget-sow-editor-base\">\n<div class=\"siteorigin-widget-tinymce textwidget\">\n\t<h2><strong>Melissas vocation<\/strong><\/h2>\n<p><strong>Developing one's own self-efficacy on the basis of attitude and awareness processes. Strengthening confidence in the self and one's own inner centre in order to subsequently design and lead successful teams.<\/strong><\/p>\n<p>&nbsp;<\/p>\n<h2><strong>Her main focus:<\/strong><\/h2>\n<ul>\n<li><strong>Company handovers &amp; family businesses<\/strong><\/li>\n<li><strong>Coaching &amp; systemic consulting<\/strong><\/li>\n<li><strong>Generations X\/Y\/Z \u2013 conflicts and opportunities<\/strong><\/li>\n<li><strong>HR management <\/strong><\/li>\n<li><strong>Learning &amp; development<\/strong><\/li>\n<\/ul>\n<p>&nbsp;<\/p>\n<h2><strong>Your benefit:<\/strong><\/h2>\n<p><strong>Through the right attitude, one's own self is recognised and a collective sense of community is experienced. These experiences form the foundation for successful teams and generate innovative leaders. Thus, in addition to a common spirit, a sustainably effective approach to leadership is established, which ensures the realisation of one's desired goals.<\/strong><\/p>\n<p>&nbsp;<\/p>\n<h2><strong>Your result:<\/strong><\/h2>\n<ul>\n<li><strong>Efficient teams that work together productively in and on the company<\/strong><\/li>\n<li><strong>Managers as co-entrepreneurs who realise results together<\/strong><\/li>\n<li><strong>Successful employer branding and minimisation of turnover rates<\/strong><\/li>\n<li><strong>Successful generational handovers based on self-leadership and relationship<\/strong><\/li>\n<\/ul>\n<p>&nbsp;<\/p>\n<p>Through studies in both business and the humanities, as well as ongoing professional experience, Melissa Riedl was able to acquire skills and knowledge in a wide variety of fields at an early stage. This enabled Melissa to develop and apply her organizational skills and her communication and leadership skills. During her studies, she was already continuously involved in improving the content and structure of events and seminars as a project and innovation manager at LeadingX. Through these deep insights alongside ongoing training and experience in the fields of psychotherapy, educational sciences and economics, she built up an Xpert status. Linking theoretical learning with practice was particularly important to her, which is why she always applied her insights in a practical way in a wide variety of professional settings.<\/p>\n<p>&nbsp;<\/p>\n<h2><strong>The strengths of Melissa Weil as a coach, trainer and consultant<\/strong><\/h2>\n<ul>\n<li>Combination of professional and social competence<\/li>\n<li>Organizational talent, strong communication skills, empathy and leadership competence<\/li>\n<li>Self-confidence and ability to work under pressure<\/li>\n<li>Enjoying new challenges and the development of structured solution strategies, as well as their successful implementation<\/li>\n<li>Flexibility and a solution-oriented approach<\/li>\n<\/ul>\n<p><strong>Experience Melissa Riedl and LeadingX - Xperience for Xcellence! Contact Melissa Riedl now or schedule your personal appointment for a consultation.<\/strong><\/p>\n<p>&nbsp;<\/p>\n<h2><strong>Education<\/strong><\/h2>\n<ul>\n<li>Studies in Coaching, Organisational- &amp; Human Resource Development<\/li>\n<li>Master of Arts in Educational Sciences<br \/>\nFocus: business handover &amp; consulting, learning &amp; development, generational change<\/li>\n<li>Bachelor of Arts in Educational Sciences<br \/>\nFocus: coaching &amp; systemic consulting<\/li>\n<li>Bachelor\u2019s program Management &amp; Economics<br \/>\nFocus: HR Management &amp; Marketing<\/li>\n<li>Propadeutic Studies in Psychotherapy<\/li>\n<\/ul>\n<p>&nbsp;<\/p>\n<h2><strong>Professional experience<\/strong><\/h2>\n<ul>\n<li>HR Management at Westwing<\/li>\n<li>HR Management at Prolicht<\/li>\n<li>Project and iInnovation management at LeadingX<\/li>\n<li>Psychotherapeutic internship at Netzwerk Essst\u00f6rungen<\/li>\n<li>Human Resources at Prinoth<\/li>\n<li>Psychotherapeutic internship at Die Berater<\/li>\n<li>After Sales at Prinoth<\/li>\n<li>Dialogue Marketing at WIFI Tirol<\/li>\n<li>Supervisor &amp; English teacher at CASE Camps<\/li>\n<li>Internship Milford Tee Austria<\/li>\n<li>Various experiences in gastronomy<\/li>\n<\/ul>\n<p>&nbsp;<\/p>\n<h2><strong>Languages<\/strong><\/h2>\n<p>German, English, Italian<\/p>\n<\/div>\n<\/div><\/div><\/div><div id=\"pgc-17004-0-1\"  class=\"panel-grid-cell\" ><div id=\"panel-17004-0-1-0\" class=\"so-panel widget widget_sow-image panel-first-child\" data-index=\"3\" ><div class=\"so-widget-sow-image so-widget-sow-image-default-d6014b76747a\">\n\n<div class=\"sow-image-container\">\n\t<img decoding=\"async\" src=\"https:\/\/www.leadingx.com\/wp-content\/uploads\/2022\/01\/Melissa-Riedl-Xpertin-LeadingX-Portrait-400-x-450.jpg\" srcset=\"https:\/\/www.leadingx.com\/wp-content\/uploads\/2022\/01\/Melissa-Riedl-Xpertin-LeadingX-Portrait-400-x-450.jpg 400w, https:\/\/www.leadingx.com\/wp-content\/uploads\/2022\/01\/Melissa-Riedl-Xpertin-LeadingX-Portrait-400-x-450-266x300.jpg 266w\" sizes=\"(max-width: 400px) 100vw, 400px\" title=\"Melissa Riedl, Xpertin, LeadingX, Portrait 400 x 450\" alt=\"\" \t\tclass=\"so-widget-image\"\/>\n<\/div>\n\n<\/div><\/div><div id=\"panel-17004-0-1-1\" class=\"so-panel widget widget_media_gallery\" data-index=\"4\" >\n\t\t<style type=\"text\/css\">\n\t\t\t#gallery-1 {\n\t\t\t\tmargin: auto;\n\t\t\t}\n\t\t\t#gallery-1 .gallery-item {\n\t\t\t\tfloat: left;\n\t\t\t\tmargin-top: 10px;\n\t\t\t\ttext-align: center;\n\t\t\t\twidth: 33%;\n\t\t\t}\n\t\t\t#gallery-1 img {\n\t\t\t\tborder: 2px solid #cfcfcf;\n\t\t\t}\n\t\t\t#gallery-1 .gallery-caption {\n\t\t\t\tmargin-left: 0;\n\t\t\t}\n\t\t\t\/* see gallery_shortcode() in wp-includes\/media.php *\/\n\t\t<\/style>\n\t\t<div id='gallery-1' class='gallery galleryid-17004 gallery-columns-3 gallery-size-thumbnail'><dl class='gallery-item'>\n\t\t\t<dt class='gallery-icon landscape'>\n\t\t\t\t<a href='https:\/\/www.leadingx.com\/wp-content\/uploads\/2022\/08\/LeadingX-Melissa-Riedl-Moderation-Workshop-Seminar-4-l.jpg'><img decoding=\"async\" src=\"https:\/\/www.leadingx.com\/wp-content\/uploads\/2022\/08\/LeadingX-Melissa-Riedl-Moderation-Workshop-Seminar-4-l-150x150.jpg\" class=\"attachment-thumbnail size-thumbnail\" alt=\"\" srcset=\"https:\/\/www.leadingx.com\/wp-content\/uploads\/2022\/08\/LeadingX-Melissa-Riedl-Moderation-Workshop-Seminar-4-l-150x150.jpg 150w, https:\/\/www.leadingx.com\/wp-content\/uploads\/2022\/08\/LeadingX-Melissa-Riedl-Moderation-Workshop-Seminar-4-l-370x370.jpg 370w, https:\/\/www.leadingx.com\/wp-content\/uploads\/2022\/08\/LeadingX-Melissa-Riedl-Moderation-Workshop-Seminar-4-l-200x200.jpg 200w\" sizes=\"(max-width: 150px) 100vw, 150px\" \/><\/a>\n\t\t\t<\/dt><\/dl><dl class='gallery-item'>\n\t\t\t<dt class='gallery-icon landscape'>\n\t\t\t\t<a href='https:\/\/www.leadingx.com\/wp-content\/uploads\/2022\/08\/LeadingX-Melissa-Riedl-Moderation-Workshop-Seminar-7-l.jpg'><img decoding=\"async\" src=\"https:\/\/www.leadingx.com\/wp-content\/uploads\/2022\/08\/LeadingX-Melissa-Riedl-Moderation-Workshop-Seminar-7-l-150x150.jpg\" class=\"attachment-thumbnail size-thumbnail\" alt=\"\" srcset=\"https:\/\/www.leadingx.com\/wp-content\/uploads\/2022\/08\/LeadingX-Melissa-Riedl-Moderation-Workshop-Seminar-7-l-150x150.jpg 150w, https:\/\/www.leadingx.com\/wp-content\/uploads\/2022\/08\/LeadingX-Melissa-Riedl-Moderation-Workshop-Seminar-7-l-370x370.jpg 370w, https:\/\/www.leadingx.com\/wp-content\/uploads\/2022\/08\/LeadingX-Melissa-Riedl-Moderation-Workshop-Seminar-7-l-200x200.jpg 200w\" sizes=\"(max-width: 150px) 100vw, 150px\" \/><\/a>\n\t\t\t<\/dt><\/dl><dl class='gallery-item'>\n\t\t\t<dt class='gallery-icon landscape'>\n\t\t\t\t<a href='https:\/\/www.leadingx.com\/wp-content\/uploads\/2022\/08\/LeadingX-Melissa-Riedl-Moderation-Workshop-Seminar-2-l.jpg'><img decoding=\"async\" src=\"https:\/\/www.leadingx.com\/wp-content\/uploads\/2022\/08\/LeadingX-Melissa-Riedl-Moderation-Workshop-Seminar-2-l-150x150.jpg\" class=\"attachment-thumbnail size-thumbnail\" alt=\"\" srcset=\"https:\/\/www.leadingx.com\/wp-content\/uploads\/2022\/08\/LeadingX-Melissa-Riedl-Moderation-Workshop-Seminar-2-l-150x150.jpg 150w, https:\/\/www.leadingx.com\/wp-content\/uploads\/2022\/08\/LeadingX-Melissa-Riedl-Moderation-Workshop-Seminar-2-l-370x370.jpg 370w, https:\/\/www.leadingx.com\/wp-content\/uploads\/2022\/08\/LeadingX-Melissa-Riedl-Moderation-Workshop-Seminar-2-l-200x200.jpg 200w\" sizes=\"(max-width: 150px) 100vw, 150px\" \/><\/a>\n\t\t\t<\/dt><\/dl><br style=\"clear: both\" \/><dl class='gallery-item'>\n\t\t\t<dt class='gallery-icon landscape'>\n\t\t\t\t<a href='https:\/\/www.leadingx.com\/wp-content\/uploads\/2022\/08\/LeadingX-Seminar-Workshop-Xperten-l.jpg'><img decoding=\"async\" src=\"https:\/\/www.leadingx.com\/wp-content\/uploads\/2022\/08\/LeadingX-Seminar-Workshop-Xperten-l-150x150.jpg\" class=\"attachment-thumbnail size-thumbnail\" alt=\"\" srcset=\"https:\/\/www.leadingx.com\/wp-content\/uploads\/2022\/08\/LeadingX-Seminar-Workshop-Xperten-l-150x150.jpg 150w, https:\/\/www.leadingx.com\/wp-content\/uploads\/2022\/08\/LeadingX-Seminar-Workshop-Xperten-l-370x370.jpg 370w, https:\/\/www.leadingx.com\/wp-content\/uploads\/2022\/08\/LeadingX-Seminar-Workshop-Xperten-l-200x200.jpg 200w\" sizes=\"(max-width: 150px) 100vw, 150px\" \/><\/a>\n\t\t\t<\/dt><\/dl><dl class='gallery-item'>\n\t\t\t<dt class='gallery-icon landscape'>\n\t\t\t\t<a href='https:\/\/www.leadingx.com\/wp-content\/uploads\/2016\/12\/IAK-Institut-f\u00fcr-Angewandte-Kreativit\u00e4t-Pr\u00e4sentation-Team-Innovation-Trainer-Change-Leadership-iak.at-2-1-e1481932386545.jpg'><img decoding=\"async\" src=\"https:\/\/www.leadingx.com\/wp-content\/uploads\/2016\/12\/IAK-Institut-f\u00fcr-Angewandte-Kreativit\u00e4t-Pr\u00e4sentation-Team-Innovation-Trainer-Change-Leadership-iak.at-2-1-e1481932386545-150x150.jpg\" class=\"attachment-thumbnail size-thumbnail\" alt=\"\" srcset=\"https:\/\/www.leadingx.com\/wp-content\/uploads\/2016\/12\/IAK-Institut-f\u00fcr-Angewandte-Kreativit\u00e4t-Pr\u00e4sentation-Team-Innovation-Trainer-Change-Leadership-iak.at-2-1-e1481932386545-150x150.jpg 150w, https:\/\/www.leadingx.com\/wp-content\/uploads\/2016\/12\/IAK-Institut-f\u00fcr-Angewandte-Kreativit\u00e4t-Pr\u00e4sentation-Team-Innovation-Trainer-Change-Leadership-iak.at-2-1-e1481932386545-370x370.jpg 370w, https:\/\/www.leadingx.com\/wp-content\/uploads\/2016\/12\/IAK-Institut-f\u00fcr-Angewandte-Kreativit\u00e4t-Pr\u00e4sentation-Team-Innovation-Trainer-Change-Leadership-iak.at-2-1-e1481932386545-200x200.jpg 200w\" sizes=\"(max-width: 150px) 100vw, 150px\" \/><\/a>\n\t\t\t<\/dt><\/dl><dl class='gallery-item'>\n\t\t\t<dt class='gallery-icon landscape'>\n\t\t\t\t<a href='https:\/\/www.leadingx.com\/wp-content\/uploads\/2017\/01\/iak-institut-f\u00fcr-angewandte-kreativit\u00e4t-team-meeting-kommunikation-kooperation-leadership-iak.at_.jpg'><img decoding=\"async\" src=\"https:\/\/www.leadingx.com\/wp-content\/uploads\/2017\/01\/iak-institut-f\u00fcr-angewandte-kreativit\u00e4t-team-meeting-kommunikation-kooperation-leadership-iak.at_-150x150.jpg\" class=\"attachment-thumbnail size-thumbnail\" alt=\"\" srcset=\"https:\/\/www.leadingx.com\/wp-content\/uploads\/2017\/01\/iak-institut-f\u00fcr-angewandte-kreativit\u00e4t-team-meeting-kommunikation-kooperation-leadership-iak.at_-150x150.jpg 150w, https:\/\/www.leadingx.com\/wp-content\/uploads\/2017\/01\/iak-institut-f\u00fcr-angewandte-kreativit\u00e4t-team-meeting-kommunikation-kooperation-leadership-iak.at_-370x370.jpg 370w, https:\/\/www.leadingx.com\/wp-content\/uploads\/2017\/01\/iak-institut-f\u00fcr-angewandte-kreativit\u00e4t-team-meeting-kommunikation-kooperation-leadership-iak.at_-200x200.jpg 200w\" sizes=\"(max-width: 150px) 100vw, 150px\" \/><\/a>\n\t\t\t<\/dt><\/dl><br style=\"clear: both\" \/><dl class='gallery-item'>\n\t\t\t<dt class='gallery-icon portrait'>\n\t\t\t\t<a href='https:\/\/www.leadingx.com\/wp-content\/uploads\/2017\/01\/iak-institut-f\u00fcr-angewandte-kreativit\u00e4t-team-meeting-kommunikation-coaching-f\u00fchrung-iak.at_.jpg'><img decoding=\"async\" src=\"https:\/\/www.leadingx.com\/wp-content\/uploads\/2017\/01\/iak-institut-f\u00fcr-angewandte-kreativit\u00e4t-team-meeting-kommunikation-coaching-f\u00fchrung-iak.at_-150x150.jpg\" class=\"attachment-thumbnail size-thumbnail\" alt=\"\" srcset=\"https:\/\/www.leadingx.com\/wp-content\/uploads\/2017\/01\/iak-institut-f\u00fcr-angewandte-kreativit\u00e4t-team-meeting-kommunikation-coaching-f\u00fchrung-iak.at_-150x150.jpg 150w, https:\/\/www.leadingx.com\/wp-content\/uploads\/2017\/01\/iak-institut-f\u00fcr-angewandte-kreativit\u00e4t-team-meeting-kommunikation-coaching-f\u00fchrung-iak.at_-370x370.jpg 370w, https:\/\/www.leadingx.com\/wp-content\/uploads\/2017\/01\/iak-institut-f\u00fcr-angewandte-kreativit\u00e4t-team-meeting-kommunikation-coaching-f\u00fchrung-iak.at_-200x200.jpg 200w\" sizes=\"(max-width: 150px) 100vw, 150px\" \/><\/a>\n\t\t\t<\/dt><\/dl><dl class='gallery-item'>\n\t\t\t<dt class='gallery-icon portrait'>\n\t\t\t\t<a href='https:\/\/www.leadingx.com\/wp-content\/uploads\/2022\/01\/Melissa-Riedl-Xpertin-LeadingX-Unternehmensnachfolge.jpg'><img decoding=\"async\" src=\"https:\/\/www.leadingx.com\/wp-content\/uploads\/2022\/01\/Melissa-Riedl-Xpertin-LeadingX-Unternehmensnachfolge-150x150.jpg\" class=\"attachment-thumbnail size-thumbnail\" alt=\"\" srcset=\"https:\/\/www.leadingx.com\/wp-content\/uploads\/2022\/01\/Melissa-Riedl-Xpertin-LeadingX-Unternehmensnachfolge-150x150.jpg 150w, https:\/\/www.leadingx.com\/wp-content\/uploads\/2022\/01\/Melissa-Riedl-Xpertin-LeadingX-Unternehmensnachfolge-370x370.jpg 370w, https:\/\/www.leadingx.com\/wp-content\/uploads\/2022\/01\/Melissa-Riedl-Xpertin-LeadingX-Unternehmensnachfolge-200x200.jpg 200w\" sizes=\"(max-width: 150px) 100vw, 150px\" \/><\/a>\n\t\t\t<\/dt><\/dl><dl class='gallery-item'>\n\t\t\t<dt class='gallery-icon portrait'>\n\t\t\t\t<a href='https:\/\/www.leadingx.com\/wp-content\/uploads\/2022\/01\/Melissa-Riedl-Xpertin-LeadingX-Nachfolge-Fuehungskraft.jpg'><img decoding=\"async\" src=\"https:\/\/www.leadingx.com\/wp-content\/uploads\/2022\/01\/Melissa-Riedl-Xpertin-LeadingX-Nachfolge-Fuehungskraft-150x150.jpg\" class=\"attachment-thumbnail size-thumbnail\" alt=\"\" srcset=\"https:\/\/www.leadingx.com\/wp-content\/uploads\/2022\/01\/Melissa-Riedl-Xpertin-LeadingX-Nachfolge-Fuehungskraft-150x150.jpg 150w, https:\/\/www.leadingx.com\/wp-content\/uploads\/2022\/01\/Melissa-Riedl-Xpertin-LeadingX-Nachfolge-Fuehungskraft-370x370.jpg 370w, https:\/\/www.leadingx.com\/wp-content\/uploads\/2022\/01\/Melissa-Riedl-Xpertin-LeadingX-Nachfolge-Fuehungskraft-200x200.jpg 200w\" sizes=\"(max-width: 150px) 100vw, 150px\" \/><\/a>\n\t\t\t<\/dt><\/dl><br style=\"clear: both\" \/>\n\t\t<\/div>\n<\/div><div id=\"panel-17004-0-1-2\" class=\"so-panel widget widget_sow-editor panel-last-child\" data-index=\"5\" ><div class=\"so-widget-sow-editor so-widget-sow-editor-base\">\n<div class=\"siteorigin-widget-tinymce textwidget\">\n\t<h2>Kontakt<\/h2>\n<p>LeadingX<br \/>\nMelissa Weil<\/p>\n<p>Freidorf<br \/>\nSwitzerland<\/p>\n<p><a href=\"mailto:melissa.riedl@LeadingX.com\">melissa.weil@LeadingX.com<\/a><\/p>\n<\/div>\n<\/div><\/div><\/div><\/div><\/div><\/div>","protected":false},"excerpt":{"rendered":"<p>Melissas vocation Developing one&#8217;s own self-efficacy on the basis of attitude and awareness processes. Strengthening confidence in the self and one&#8217;s own inner centre in order to subsequently design and lead successful teams. &nbsp; Her main focus: Company handovers &amp; family businesses Coaching &amp; systemic consulting Generations X\/Y\/Z \u2013 conflicts and opportunities HR management Learning [&hellip;]<\/p>\n","protected":false},"author":4,"featured_media":0,"parent":17007,"menu_order":0,"comment_status":"closed","ping_status":"closed","template":"","meta":{"footnotes":""},"class_list":["post-17004","page","type-page","status-publish","hentry"],"yoast_head":"<!-- This site is optimized with the Yoast SEO plugin v16.2 - https:\/\/yoast.com\/wordpress\/plugins\/seo\/ -->\n<title>Melissa Riedl, teamcoach, trainer<\/title>\n<meta name=\"robots\" content=\"index, follow, max-snippet:-1, max-image-preview:large, max-video-preview:-1\" \/>\n<link rel=\"canonical\" href=\"https:\/\/www.leadingx.com\/en\/team-of-x-experts\/melissa-weil\/\" \/>\n<meta property=\"og:locale\" content=\"en_US\" \/>\n<meta property=\"og:type\" content=\"article\" \/>\n<meta property=\"og:title\" content=\"Melissa Riedl, teamcoach, trainer\" \/>\n<meta property=\"og:description\" content=\"Melissas vocation Developing one&#039;s own self-efficacy on the basis of attitude and awareness processes. Strengthening confidence in the self and one&#039;s own inner centre in order to subsequently design and lead successful teams. &nbsp; Her main focus: Company handovers &amp; family businesses Coaching &amp; systemic consulting Generations X\/Y\/Z \u2013 conflicts and opportunities HR management Learning [&hellip;]\" \/>\n<meta property=\"og:url\" content=\"https:\/\/www.leadingx.com\/en\/team-of-x-experts\/melissa-weil\/\" \/>\n<meta property=\"og:site_name\" content=\"LeadingX\" \/>\n<meta property=\"article:publisher\" content=\"https:\/\/www.facebook.com\/LeadingX.Xperience.creates.Xcellence\/\" \/>\n<meta property=\"article:modified_time\" content=\"2025-02-18T09:41:08+00:00\" \/>\n<meta property=\"og:image\" content=\"https:\/\/www.leadingx.com\/wp-content\/uploads\/2019\/12\/LeadingX-logo.png\" \/>\n\t<meta property=\"og:image:width\" content=\"1303\" \/>\n\t<meta property=\"og:image:height\" content=\"658\" \/>\n<meta name=\"twitter:card\" content=\"summary_large_image\" \/>\n<meta name=\"twitter:label1\" content=\"Est. reading time\">\n\t<meta name=\"twitter:data1\" content=\"3 minutes\">\n<script type=\"application\/ld+json\" class=\"yoast-schema-graph\">{\"@context\":\"https:\/\/schema.org\",\"@graph\":[{\"@type\":\"Organization\",\"@id\":\"https:\/\/www.leadingx.com\/#organization\",\"name\":\"LeadingX\",\"url\":\"https:\/\/www.leadingx.com\/\",\"sameAs\":[\"https:\/\/www.facebook.com\/LeadingX.Xperience.creates.Xcellence\/\",\"https:\/\/www.linkedin.com\/in\/markusgruberleadingx\/\",\"https:\/\/www.youtube.com\/channel\/UCotB7KtvXuT665gWvdDJi5Q\"],\"logo\":{\"@type\":\"ImageObject\",\"@id\":\"https:\/\/www.leadingx.com\/#logo\",\"inLanguage\":\"en-US\",\"url\":\"https:\/\/www.leadingx.com\/wp-content\/uploads\/2019\/12\/LeadingX-logo.png\",\"contentUrl\":\"https:\/\/www.leadingx.com\/wp-content\/uploads\/2019\/12\/LeadingX-logo.png\",\"width\":1303,\"height\":658,\"caption\":\"LeadingX\"},\"image\":{\"@id\":\"https:\/\/www.leadingx.com\/#logo\"}},{\"@type\":\"WebSite\",\"@id\":\"https:\/\/www.leadingx.com\/#website\",\"url\":\"https:\/\/www.leadingx.com\/\",\"name\":\"LeadingX\",\"description\":\"Xperience creates Xcellence\",\"publisher\":{\"@id\":\"https:\/\/www.leadingx.com\/#organization\"},\"potentialAction\":[{\"@type\":\"SearchAction\",\"target\":\"https:\/\/www.leadingx.com\/?s={search_term_string}\",\"query-input\":\"required name=search_term_string\"}],\"inLanguage\":\"en-US\"},{\"@type\":\"WebPage\",\"@id\":\"https:\/\/www.leadingx.com\/en\/team-of-x-experts\/melissa-weil\/#webpage\",\"url\":\"https:\/\/www.leadingx.com\/en\/team-of-x-experts\/melissa-weil\/\",\"name\":\"Melissa Riedl, teamcoach, trainer\",\"isPartOf\":{\"@id\":\"https:\/\/www.leadingx.com\/#website\"},\"datePublished\":\"2019-12-25T15:20:56+00:00\",\"dateModified\":\"2025-02-18T09:41:08+00:00\",\"breadcrumb\":{\"@id\":\"https:\/\/www.leadingx.com\/en\/team-of-x-experts\/melissa-weil\/#breadcrumb\"},\"inLanguage\":\"en-US\",\"potentialAction\":[{\"@type\":\"ReadAction\",\"target\":[\"https:\/\/www.leadingx.com\/en\/team-of-x-experts\/melissa-weil\/\"]}]},{\"@type\":\"BreadcrumbList\",\"@id\":\"https:\/\/www.leadingx.com\/en\/team-of-x-experts\/melissa-weil\/#breadcrumb\",\"itemListElement\":[{\"@type\":\"ListItem\",\"position\":1,\"item\":{\"@type\":\"WebPage\",\"@id\":\"https:\/\/www.leadingx.com\/en\/\",\"url\":\"https:\/\/www.leadingx.com\/en\/\",\"name\":\"Startseite\"}},{\"@type\":\"ListItem\",\"position\":2,\"item\":{\"@type\":\"WebPage\",\"@id\":\"https:\/\/www.leadingx.com\/en\/team-of-x-experts\/\",\"url\":\"https:\/\/www.leadingx.com\/en\/team-of-x-experts\/\",\"name\":\"Team of X-experts\"}},{\"@type\":\"ListItem\",\"position\":3,\"item\":{\"@id\":\"https:\/\/www.leadingx.com\/en\/team-of-x-experts\/melissa-weil\/#webpage\"}}]}]}<\/script>\n<!-- \/ Yoast SEO plugin. -->","_links":{"self":[{"href":"https:\/\/www.leadingx.com\/en\/wp-json\/wp\/v2\/pages\/17004","targetHints":{"allow":["GET"]}}],"collection":[{"href":"https:\/\/www.leadingx.com\/en\/wp-json\/wp\/v2\/pages"}],"about":[{"href":"https:\/\/www.leadingx.com\/en\/wp-json\/wp\/v2\/types\/page"}],"author":[{"embeddable":true,"href":"https:\/\/www.leadingx.com\/en\/wp-json\/wp\/v2\/users\/4"}],"replies":[{"embeddable":true,"href":"https:\/\/www.leadingx.com\/en\/wp-json\/wp\/v2\/comments?post=17004"}],"version-history":[{"count":27,"href":"https:\/\/www.leadingx.com\/en\/wp-json\/wp\/v2\/pages\/17004\/revisions"}],"predecessor-version":[{"id":23404,"href":"https:\/\/www.leadingx.com\/en\/wp-json\/wp\/v2\/pages\/17004\/revisions\/23404"}],"up":[{"embeddable":true,"href":"https:\/\/www.leadingx.com\/en\/wp-json\/wp\/v2\/pages\/17007"}],"wp:attachment":[{"href":"https:\/\/www.leadingx.com\/en\/wp-json\/wp\/v2\/media?parent=17004"}],"curies":[{"name":"wp","href":"https:\/\/api.w.org\/{rel}","templated":true}]}}